{"id":2547,"date":"2022-07-15T14:28:41","date_gmt":"2022-07-15T14:28:41","guid":{"rendered":"https:\/\/monafrais.com\/about-us\/"},"modified":"2024-12-11T10:49:37","modified_gmt":"2024-12-11T10:49:37","slug":"chi-siamo","status":"publish","type":"page","link":"https:\/\/monafrais.com\/it\/chi-siamo\/","title":{"rendered":"Chi siamo"},"content":{"rendered":"\t\t<div data-elementor-type=\"wp-page\" data-elementor-id=\"2547\" class=\"elementor elementor-2547 elementor-257\" data-elementor-post-type=\"page\">\n\t\t\t\t\t\t<section class=\"elementor-section elementor-top-section elementor-element elementor-element-5d47c67b elementor-section-height-min-height elementor-section-stretched elementor-section-items-top elementor-section-boxed elementor-section-height-default\" data-id=\"5d47c67b\" data-element_type=\"section\" data-settings=\"{&quot;stretch_section&quot;:&quot;section-stretched&quot;,&quot;background_background&quot;:&quot;classic&quot;}\">\n\t\t\t\t\t\t\t<div class=\"elementor-background-overlay\"><\/div>\n\t\t\t\t\t\t\t<div class=\"elementor-container elementor-column-gap-no\">\n\t\t\t\t\t<div class=\"elementor-column elementor-col-100 elementor-top-column elementor-element elementor-element-110cb10a\" data-id=\"110cb10a\" data-element_type=\"column\">\n\t\t\t<div class=\"elementor-widget-wrap elementor-element-populated\">\n\t\t\t\t\t\t<div class=\"elementor-element elementor-element-3d26e85c elementor-widget elementor-widget-text-editor\" data-id=\"3d26e85c\" data-element_type=\"widget\" data-widget_type=\"text-editor.default\">\n\t\t\t\t<div class=\"elementor-widget-container\">\n\t\t\t\t\t\t\t\t\t<h1>IL GUSTO DELLA PERFEZIONE<\/h1><h4>Nel cuore di Monaco, Monafrais ti invita a vivere un&#8217;esperienza unica, autentica e ricca di sfumature, un vero e proprio viaggio nei sapori della Riviera, dove la passione per la gastronomia incontra l\u2019eleganza. Forniamo servizi di consegna su misura per ristoranti, gastronomie raffinate, lussuosi yacht e prestigiose ville, in ogni angolo della Francia.<\/h4>\t\t\t\t\t\t\t\t<\/div>\n\t\t\t\t<\/div>\n\t\t\t\t\t<\/div>\n\t\t<\/div>\n\t\t\t\t\t<\/div>\n\t\t<\/section>\n\t\t\t\t<section class=\"elementor-section elementor-top-section elementor-element elementor-element-3acaeb0 elementor-section-boxed elementor-section-height-default elementor-section-height-default\" data-id=\"3acaeb0\" data-element_type=\"section\">\n\t\t\t\t\t\t<div class=\"elementor-container elementor-column-gap-no\">\n\t\t\t\t\t<div class=\"elementor-column elementor-col-50 elementor-top-column elementor-element elementor-element-a41b9e6\" data-id=\"a41b9e6\" data-element_type=\"column\">\n\t\t\t<div class=\"elementor-widget-wrap elementor-element-populated\">\n\t\t\t\t\t\t<div class=\"elementor-element elementor-element-1cb0fd8d elementor-widget elementor-widget-text-editor\" data-id=\"1cb0fd8d\" data-element_type=\"widget\" data-widget_type=\"text-editor.default\">\n\t\t\t\t<div class=\"elementor-widget-container\">\n\t\t\t\t\t\t\t\t\t<h2>ECCELLENZE ALIMENTARI SELEZIONATE<\/h2>\t\t\t\t\t\t\t\t<\/div>\n\t\t\t\t<\/div>\n\t\t\t\t<div class=\"elementor-element elementor-element-4360d0fe elementor-widget elementor-widget-text-editor\" data-id=\"4360d0fe\" data-element_type=\"widget\" data-widget_type=\"text-editor.default\">\n\t\t\t\t<div class=\"elementor-widget-container\">\n\t\t\t\t\t\t\t\t\t<p>Nato dalla visione di produttori italiani, Monafrais consegna ogni giorno <strong>i migliori prodotti<\/strong> a ristoranti, yacht, ville e gastronomie in tutta la Francia. Con oltre <strong>40 anni di esperienza<\/strong> nel settore alimentare, il nostro team garantisce un servizio puntuale, professionale e di alta qualit\u00e0.<br \/>Dai frutti di mare pi\u00f9 pregiati alle carni selezionate con la massima cura, senza dimenticare l&#8217;ampia variet\u00e0 di formaggi e salumi, Monafrais \u00e8 il punto di riferimento per chi cerca il meglio che la cucina ha da offrire. La nostra selezione di prodotti, frutto di una ricerca attenta tra i migliori produttori, locali e non solo, ti condurr\u00e0 alla scoperta dei sapori del Mediterraneo.<\/p>\t\t\t\t\t\t\t\t<\/div>\n\t\t\t\t<\/div>\n\t\t\t\t\t<\/div>\n\t\t<\/div>\n\t\t\t\t<div class=\"elementor-column elementor-col-25 elementor-top-column elementor-element elementor-element-2e260d6\" data-id=\"2e260d6\" data-element_type=\"column\">\n\t\t\t<div class=\"elementor-widget-wrap elementor-element-populated\">\n\t\t\t\t\t\t<div class=\"elementor-element elementor-element-ac4e69d elementor-widget elementor-widget-image\" data-id=\"ac4e69d\" data-element_type=\"widget\" data-widget_type=\"image.default\">\n\t\t\t\t<div class=\"elementor-widget-container\">\n\t\t\t\t\t\t\t\t\t\t\t\t\t\t\t<img fetchpriority=\"high\" decoding=\"async\" width=\"480\" height=\"640\" src=\"https:\/\/monafrais.com\/wp-content\/uploads\/2023\/02\/Monafrais_pasta-fresca.jpg\" class=\"attachment-full size-full wp-image-1773\" alt=\"\" srcset=\"https:\/\/monafrais.com\/wp-content\/uploads\/2023\/02\/Monafrais_pasta-fresca.jpg 480w, https:\/\/monafrais.com\/wp-content\/uploads\/2023\/02\/Monafrais_pasta-fresca-225x300.jpg 225w\" sizes=\"(max-width: 480px) 100vw, 480px\" \/>\t\t\t\t\t\t\t\t\t\t\t\t\t\t\t<\/div>\n\t\t\t\t<\/div>\n\t\t\t\t\t<\/div>\n\t\t<\/div>\n\t\t\t\t<div class=\"elementor-column elementor-col-25 elementor-top-column elementor-element elementor-element-1536813\" data-id=\"1536813\" data-element_type=\"column\">\n\t\t\t<div class=\"elementor-widget-wrap elementor-element-populated\">\n\t\t\t\t\t\t<div class=\"elementor-element elementor-element-644c27d elementor-widget elementor-widget-image\" data-id=\"644c27d\" data-element_type=\"widget\" data-widget_type=\"image.default\">\n\t\t\t\t<div class=\"elementor-widget-container\">\n\t\t\t\t\t\t\t\t\t\t\t\t\t\t\t<img decoding=\"async\" width=\"480\" height=\"640\" src=\"https:\/\/monafrais.com\/wp-content\/uploads\/2023\/02\/Monafrais_pane-olio.jpg\" class=\"attachment-large size-large wp-image-1774\" alt=\"\" srcset=\"https:\/\/monafrais.com\/wp-content\/uploads\/2023\/02\/Monafrais_pane-olio.jpg 480w, https:\/\/monafrais.com\/wp-content\/uploads\/2023\/02\/Monafrais_pane-olio-225x300.jpg 225w\" sizes=\"(max-width: 480px) 100vw, 480px\" \/>\t\t\t\t\t\t\t\t\t\t\t\t\t\t\t<\/div>\n\t\t\t\t<\/div>\n\t\t\t\t\t<\/div>\n\t\t<\/div>\n\t\t\t\t\t<\/div>\n\t\t<\/section>\n\t\t\t\t<section class=\"elementor-section elementor-top-section elementor-element elementor-element-a89c152 elementor-reverse-tablet elementor-reverse-mobile elementor-section-boxed elementor-section-height-default elementor-section-height-default\" data-id=\"a89c152\" data-element_type=\"section\">\n\t\t\t\t\t\t<div class=\"elementor-container elementor-column-gap-no\">\n\t\t\t\t\t<div class=\"elementor-column elementor-col-50 elementor-top-column elementor-element elementor-element-bc40a20\" data-id=\"bc40a20\" data-element_type=\"column\">\n\t\t\t<div class=\"elementor-widget-wrap elementor-element-populated\">\n\t\t\t\t\t\t<div class=\"elementor-element elementor-element-2f862a8 elementor-widget elementor-widget-image\" data-id=\"2f862a8\" data-element_type=\"widget\" data-widget_type=\"image.default\">\n\t\t\t\t<div class=\"elementor-widget-container\">\n\t\t\t\t\t\t\t\t\t\t\t\t\t\t\t<img decoding=\"async\" width=\"745\" height=\"508\" src=\"https:\/\/monafrais.com\/wp-content\/uploads\/2023\/02\/Monafrais_piatto-pasta.jpg\" class=\"attachment-full size-full wp-image-1778\" alt=\"\" srcset=\"https:\/\/monafrais.com\/wp-content\/uploads\/2023\/02\/Monafrais_piatto-pasta.jpg 745w, https:\/\/monafrais.com\/wp-content\/uploads\/2023\/02\/Monafrais_piatto-pasta-300x205.jpg 300w\" sizes=\"(max-width: 745px) 100vw, 745px\" \/>\t\t\t\t\t\t\t\t\t\t\t\t\t\t\t<\/div>\n\t\t\t\t<\/div>\n\t\t\t\t\t<\/div>\n\t\t<\/div>\n\t\t\t\t<div class=\"elementor-column elementor-col-50 elementor-top-column elementor-element elementor-element-3e76dc5\" data-id=\"3e76dc5\" data-element_type=\"column\">\n\t\t\t<div class=\"elementor-widget-wrap elementor-element-populated\">\n\t\t\t\t\t\t<div class=\"elementor-element elementor-element-3b39247 elementor-widget elementor-widget-text-editor\" data-id=\"3b39247\" data-element_type=\"widget\" data-widget_type=\"text-editor.default\">\n\t\t\t\t<div class=\"elementor-widget-container\">\n\t\t\t\t\t\t\t\t\t<h2>MISSION<br><\/h2>\t\t\t\t\t\t\t\t<\/div>\n\t\t\t\t<\/div>\n\t\t\t\t<div class=\"elementor-element elementor-element-bfc08eb elementor-widget elementor-widget-text-editor\" data-id=\"bfc08eb\" data-element_type=\"widget\" data-widget_type=\"text-editor.default\">\n\t\t\t\t<div class=\"elementor-widget-container\">\n\t\t\t\t\t\t\t\t\t<p>La nostra missione \u00e8 capire e soprattutto soddisfare clienti esigenti, alla ricerca di una materia prima selezionata di origine artigianale. Monafrais si pone come <strong>punto di riferimento nel paradiso della Costa Azzurra<\/strong>, con l&#8217;obiettivo di fornire prodotti alimentari certificati di alta qualit\u00e0 alle <strong>sapienti mani degli Chef<\/strong>, che desiderano o\ufb00rire ai propri clienti sapori autentici e indimenticabili.<\/p><p>La sede di Monaco vanta un magazzino con <strong>oltre 300 prodotti in pronta consegna<\/strong>.<\/p>\t\t\t\t\t\t\t\t<\/div>\n\t\t\t\t<\/div>\n\t\t\t\t\t<\/div>\n\t\t<\/div>\n\t\t\t\t\t<\/div>\n\t\t<\/section>\n\t\t\t\t<section class=\"elementor-section elementor-top-section elementor-element elementor-element-1d9265a elementor-section-boxed elementor-section-height-default elementor-section-height-default\" data-id=\"1d9265a\" data-element_type=\"section\">\n\t\t\t\t\t\t<div class=\"elementor-container elementor-column-gap-no\">\n\t\t\t\t\t<div class=\"elementor-column elementor-col-100 elementor-top-column elementor-element elementor-element-88bc642\" data-id=\"88bc642\" data-element_type=\"column\">\n\t\t\t<div class=\"elementor-widget-wrap elementor-element-populated\">\n\t\t\t\t\t\t<div class=\"elementor-element elementor-element-4bd75bd elementor-widget-divider--view-line elementor-widget elementor-widget-divider\" data-id=\"4bd75bd\" data-element_type=\"widget\" data-widget_type=\"divider.default\">\n\t\t\t\t<div class=\"elementor-widget-container\">\n\t\t\t\t\t\t\t<div class=\"elementor-divider\">\n\t\t\t<span class=\"elementor-divider-separator\">\n\t\t\t\t\t\t<\/span>\n\t\t<\/div>\n\t\t\t\t\t\t<\/div>\n\t\t\t\t<\/div>\n\t\t\t\t\t<\/div>\n\t\t<\/div>\n\t\t\t\t\t<\/div>\n\t\t<\/section>\n\t\t\t\t<\/div>\n\t\t","protected":false},"excerpt":{"rendered":"<p>IL GUSTO DELLA PERFEZIONE Nel cuore di Monaco, Monafrais ti invita a vivere un&#8217;esperienza unica, autentica e ricca di sfumature, un vero e proprio viaggio nei sapori della Riviera, dove la passione per la gastronomia incontra l\u2019eleganza. Forniamo servizi di consegna su misura per ristoranti, gastronomie raffinate, lussuosi yacht e prestigiose ville, in ogni angolo [&hellip;]<\/p>\n","protected":false},"author":1,"featured_media":0,"parent":0,"menu_order":0,"comment_status":"closed","ping_status":"closed","template":"","meta":{"footnotes":""},"class_list":["post-2547","page","type-page","status-publish","hentry"],"_links":{"self":[{"href":"https:\/\/monafrais.com\/it\/wp-json\/wp\/v2\/pages\/2547","targetHints":{"allow":["GET"]}}],"collection":[{"href":"https:\/\/monafrais.com\/it\/wp-json\/wp\/v2\/pages"}],"about":[{"href":"https:\/\/monafrais.com\/it\/wp-json\/wp\/v2\/types\/page"}],"author":[{"embeddable":true,"href":"https:\/\/monafrais.com\/it\/wp-json\/wp\/v2\/users\/1"}],"replies":[{"embeddable":true,"href":"https:\/\/monafrais.com\/it\/wp-json\/wp\/v2\/comments?post=2547"}],"version-history":[{"count":0,"href":"https:\/\/monafrais.com\/it\/wp-json\/wp\/v2\/pages\/2547\/revisions"}],"wp:attachment":[{"href":"https:\/\/monafrais.com\/it\/wp-json\/wp\/v2\/media?parent=2547"}],"curies":[{"name":"wp","href":"https:\/\/api.w.org\/{rel}","templated":true}]}}